{"id":10,"date":"2012-04-20T08:06:28","date_gmt":"2012-04-20T08:06:28","guid":{"rendered":"http:\/\/www.hemgb.com\/?page_id=10"},"modified":"2024-10-07T15:37:28","modified_gmt":"2024-10-07T15:37:28","slug":"partennaires","status":"publish","type":"page","link":"https:\/\/www.hemgb.com\/?page_id=10","title":{"rendered":"Liens"},"content":{"rendered":"<p style=\"text-align: justify;\"><span style=\"text-decoration: underline;\"><a href=\"http:\/\/www.acmg.ch\/\" target=\"_blank\" rel=\"noopener\">Association Cantonale des Musiques Genevoises<\/a><\/span><\/p>\n<p style=\"text-align: justify;\"><span style=\"text-decoration: underline;\"><a title=\"Musique municipale de Versoix\" href=\"http:\/\/www.mmv.ch\">Musique municipale de Versoix<\/a><\/span><\/p>\n<p style=\"text-align: justify;\"><span style=\"text-decoration: underline;\"><a href=\"http:\/\/www.genevasummeracademy.ch\" target=\"_blank\" rel=\"noopener\">Acad\u00e9mie Internationale &amp; Festival d\u2019Et\u00e9 de Musique de Gen\u00e8ve<\/a><\/span><br \/>\nCette Acad\u00e9mie &amp; Festival d\u2019\u00e9t\u00e9 pour jeunes musiciens, pr\u00e9professionnels, professionnels et adultes amateurs offre des cours de piano, cordes, vents, cuivres, chant, harpe et guitare classique, des classes de musique de chambre, des masterclasses, des ateliers, des cours d\u2019improvisation, la possibilit\u00e9 pour les participants de se produire en public, combin\u00e9s aux concerts du Festival.<\/p>\n<p>&nbsp;<\/p>\n","protected":false},"excerpt":{"rendered":"<p>Association Cantonale des Musiques Genevoises Musique municipale de Versoix Acad\u00e9mie Internationale &amp; Festival d\u2019Et\u00e9 de Musique de Gen\u00e8ve Cette Acad\u00e9mie &amp; Festival d\u2019\u00e9t\u00e9 pour jeunes musiciens, pr\u00e9professionnels, professionnels et adultes amateurs offre des cours de piano, cordes, vents, cuivres, chant, &hellip; <a href=\"https:\/\/www.hemgb.com\/?page_id=10\">Continuer la lecture <span class=\"meta-nav\">&rarr;<\/span><\/a><\/p>\n","protected":false},"author":1,"featured_media":0,"parent":0,"menu_order":0,"comment_status":"closed","ping_status":"open","template":"","meta":{"footnotes":""},"class_list":["post-10","page","type-page","status-publish","hentry"],"_links":{"self":[{"href":"https:\/\/www.hemgb.com\/index.php?rest_route=\/wp\/v2\/pages\/10","targetHints":{"allow":["GET"]}}],"collection":[{"href":"https:\/\/www.hemgb.com\/index.php?rest_route=\/wp\/v2\/pages"}],"about":[{"href":"https:\/\/www.hemgb.com\/index.php?rest_route=\/wp\/v2\/types\/page"}],"author":[{"embeddable":true,"href":"https:\/\/www.hemgb.com\/index.php?rest_route=\/wp\/v2\/users\/1"}],"replies":[{"embeddable":true,"href":"https:\/\/www.hemgb.com\/index.php?rest_route=%2Fwp%2Fv2%2Fcomments&post=10"}],"version-history":[{"count":7,"href":"https:\/\/www.hemgb.com\/index.php?rest_route=\/wp\/v2\/pages\/10\/revisions"}],"predecessor-version":[{"id":1876,"href":"https:\/\/www.hemgb.com\/index.php?rest_route=\/wp\/v2\/pages\/10\/revisions\/1876"}],"wp:attachment":[{"href":"https:\/\/www.hemgb.com\/index.php?rest_route=%2Fwp%2Fv2%2Fmedia&parent=10"}],"curies":[{"name":"wp","href":"https:\/\/api.w.org\/{rel}","templated":true}]}}