{"id":12,"date":"2012-04-20T08:07:01","date_gmt":"2012-04-20T08:07:01","guid":{"rendered":"http:\/\/www.hemgb.com\/?page_id=12"},"modified":"2024-12-20T21:18:09","modified_gmt":"2024-12-20T21:18:09","slug":"informations-contact","status":"publish","type":"page","link":"https:\/\/www.hemgb.com\/?page_id=12","title":{"rendered":"Contact"},"content":{"rendered":"<p><strong>Harmonie de Genthod-Bellevue<\/strong><br \/>\nChemin de la Mairie 14<br \/>\n1294 Genthod<\/p>\n<p>Pr\u00e9sident : Patrick Jorge<br \/>\nT\u00e9l\u00e9phone : +41 22 740 36 92 ou +41 79 691 73 76<br \/>\nEmail:\u00a0<a href=\"mailto:harmoniegb@gmail.com\">harmoniegb@gmail.com<\/a><\/p>\n<p><strong>\u00c9cole de Musique de Genthod-Bellevue<\/strong><br \/>\n1293 Bellevue<\/p>\n<p>Pr\u00e9sidente : Marie-H\u00e9l\u00e8ne Thi\u00e9baut Meier<br \/>\nT\u00e9l\u00e9phone : +41 77 481 25 14<br \/>\nEmail : <a href=\"mailto:info.ecolemusiquegb@gmail.com\">info.ecolemusiquegb@gmail.com<\/a><\/p>\n","protected":false},"excerpt":{"rendered":"<p>Harmonie de Genthod-Bellevue Chemin de la Mairie 14 1294 Genthod Pr\u00e9sident : Patrick Jorge T\u00e9l\u00e9phone : +41 22 740 36 92 ou +41 79 691 73 76 Email:\u00a0harmoniegb@gmail.com \u00c9cole de Musique de Genthod-Bellevue 1293 Bellevue Pr\u00e9sidente : Marie-H\u00e9l\u00e8ne Thi\u00e9baut Meier &hellip; <a href=\"https:\/\/www.hemgb.com\/?page_id=12\">Continuer la lecture <span class=\"meta-nav\">&rarr;<\/span><\/a><\/p>\n","protected":false},"author":1,"featured_media":0,"parent":0,"menu_order":0,"comment_status":"closed","ping_status":"open","template":"","meta":{"footnotes":""},"class_list":["post-12","page","type-page","status-publish","hentry"],"_links":{"self":[{"href":"https:\/\/www.hemgb.com\/index.php?rest_route=\/wp\/v2\/pages\/12","targetHints":{"allow":["GET"]}}],"collection":[{"href":"https:\/\/www.hemgb.com\/index.php?rest_route=\/wp\/v2\/pages"}],"about":[{"href":"https:\/\/www.hemgb.com\/index.php?rest_route=\/wp\/v2\/types\/page"}],"author":[{"embeddable":true,"href":"https:\/\/www.hemgb.com\/index.php?rest_route=\/wp\/v2\/users\/1"}],"replies":[{"embeddable":true,"href":"https:\/\/www.hemgb.com\/index.php?rest_route=%2Fwp%2Fv2%2Fcomments&post=12"}],"version-history":[{"count":19,"href":"https:\/\/www.hemgb.com\/index.php?rest_route=\/wp\/v2\/pages\/12\/revisions"}],"predecessor-version":[{"id":1913,"href":"https:\/\/www.hemgb.com\/index.php?rest_route=\/wp\/v2\/pages\/12\/revisions\/1913"}],"wp:attachment":[{"href":"https:\/\/www.hemgb.com\/index.php?rest_route=%2Fwp%2Fv2%2Fmedia&parent=12"}],"curies":[{"name":"wp","href":"https:\/\/api.w.org\/{rel}","templated":true}]}}