{"id":22,"date":"2012-04-20T08:12:51","date_gmt":"2012-04-20T08:12:51","guid":{"rendered":"http:\/\/www.hemgb.com\/?page_id=22"},"modified":"2012-12-30T22:03:26","modified_gmt":"2012-12-30T22:03:26","slug":"comite","status":"publish","type":"page","link":"https:\/\/www.hemgb.com\/?page_id=22","title":{"rendered":"Comit\u00e9"},"content":{"rendered":"<p>Pr\u00e9sident : Patrick Jorge<a href=\"http:\/\/www.hemgb.com\/wp-content\/uploads\/2012\/12\/patrick.jpg\"><img loading=\"lazy\" decoding=\"async\" class=\"alignleft  wp-image-185\" title=\"patrick\" src=\"http:\/\/www.hemgb.com\/wp-content\/uploads\/2012\/12\/patrick-150x150.jpg\" alt=\"\" width=\"72\" height=\"61\" \/><\/a><\/p>\n<p>&nbsp;<\/p>\n<p>&nbsp;<\/p>\n<p><a href=\"http:\/\/www.hemgb.com\/wp-content\/uploads\/2012\/12\/denis.jpg\"><img loading=\"lazy\" decoding=\"async\" class=\"alignleft  wp-image-186\" title=\"denis\" src=\"http:\/\/www.hemgb.com\/wp-content\/uploads\/2012\/12\/denis-150x150.jpg\" alt=\"\" width=\"69\" height=\"58\" \/><\/a>Directeur : Denis Tournebize<\/p>\n<p>&nbsp;<\/p>\n<p>&nbsp;<\/p>\n<p><a href=\"http:\/\/www.hemgb.com\/wp-content\/uploads\/2012\/12\/monika.jpg\"><img loading=\"lazy\" decoding=\"async\" class=\"alignleft  wp-image-184\" title=\"monika\" src=\"http:\/\/www.hemgb.com\/wp-content\/uploads\/2012\/12\/monika-150x150.jpg\" alt=\"\" width=\"72\" height=\"66\" \/><\/a>Secr\u00e9taire : Monika Rieben<\/p>\n<p>&nbsp;<\/p>\n<p>&nbsp;<\/p>\n<p><a href=\"http:\/\/www.hemgb.com\/wp-content\/uploads\/2012\/12\/Jean-Pierre.jpg\"><img loading=\"lazy\" decoding=\"async\" class=\"alignleft  wp-image-180\" title=\"Jean Pierre\" src=\"http:\/\/www.hemgb.com\/wp-content\/uploads\/2012\/12\/Jean-Pierre-150x150.jpg\" alt=\"\" width=\"74\" height=\"71\" \/><\/a>Tr\u00e9sorier : Jean Pierre Quesnel<\/p>\n<p>&nbsp;<\/p>\n<p>&nbsp;<\/p>\n<p><a href=\"http:\/\/www.hemgb.com\/wp-content\/uploads\/2012\/12\/Louis.jpg\"><img loading=\"lazy\" decoding=\"async\" class=\"alignleft  wp-image-182\" title=\"Louis\" src=\"http:\/\/www.hemgb.com\/wp-content\/uploads\/2012\/12\/Louis-150x150.jpg\" alt=\"\" width=\"71\" height=\"58\" \/><\/a>Responsable instruments et costumes : Louis Honneger<\/p>\n","protected":false},"excerpt":{"rendered":"<p>Pr\u00e9sident : Patrick Jorge &nbsp; &nbsp; Directeur : Denis Tournebize &nbsp; &nbsp; Secr\u00e9taire : Monika Rieben &nbsp; &nbsp; Tr\u00e9sorier : Jean Pierre Quesnel &nbsp; &nbsp; Responsable instruments et costumes : Louis Honneger<\/p>\n","protected":false},"author":1,"featured_media":0,"parent":4,"menu_order":0,"comment_status":"closed","ping_status":"closed","template":"","meta":{"footnotes":""},"class_list":["post-22","page","type-page","status-publish","hentry"],"_links":{"self":[{"href":"https:\/\/www.hemgb.com\/index.php?rest_route=\/wp\/v2\/pages\/22","targetHints":{"allow":["GET"]}}],"collection":[{"href":"https:\/\/www.hemgb.com\/index.php?rest_route=\/wp\/v2\/pages"}],"about":[{"href":"https:\/\/www.hemgb.com\/index.php?rest_route=\/wp\/v2\/types\/page"}],"author":[{"embeddable":true,"href":"https:\/\/www.hemgb.com\/index.php?rest_route=\/wp\/v2\/users\/1"}],"replies":[{"embeddable":true,"href":"https:\/\/www.hemgb.com\/index.php?rest_route=%2Fwp%2Fv2%2Fcomments&post=22"}],"version-history":[{"count":17,"href":"https:\/\/www.hemgb.com\/index.php?rest_route=\/wp\/v2\/pages\/22\/revisions"}],"predecessor-version":[{"id":179,"href":"https:\/\/www.hemgb.com\/index.php?rest_route=\/wp\/v2\/pages\/22\/revisions\/179"}],"up":[{"embeddable":true,"href":"https:\/\/www.hemgb.com\/index.php?rest_route=\/wp\/v2\/pages\/4"}],"wp:attachment":[{"href":"https:\/\/www.hemgb.com\/index.php?rest_route=%2Fwp%2Fv2%2Fmedia&parent=22"}],"curies":[{"name":"wp","href":"https:\/\/api.w.org\/{rel}","templated":true}]}}