{"id":33,"date":"2012-04-20T08:18:13","date_gmt":"2012-04-20T08:18:13","guid":{"rendered":"http:\/\/www.hemgb.com\/?page_id=33"},"modified":"2013-10-27T17:52:15","modified_gmt":"2013-10-27T17:52:15","slug":"historique","status":"publish","type":"page","link":"https:\/\/www.hemgb.com\/?page_id=33","title":{"rendered":"Historique"},"content":{"rendered":"<p><a href=\"http:\/\/www.hemgb.com\/wp-content\/uploads\/2012\/04\/fede-1930.jpg\"><img loading=\"lazy\" decoding=\"async\" class=\"alignleft  wp-image-154\" title=\"fede-1930\" alt=\"\" src=\"http:\/\/www.hemgb.com\/wp-content\/uploads\/2012\/04\/fede-1930.jpg\" width=\"259\" height=\"360\" srcset=\"https:\/\/www.hemgb.com\/wp-content\/uploads\/2012\/04\/fede-1930.jpg 431w, https:\/\/www.hemgb.com\/wp-content\/uploads\/2012\/04\/fede-1930-215x300.jpg 215w\" sizes=\"auto, (max-width: 259px) 100vw, 259px\" \/><\/a>La Fanfare de Genthod-Bellevue a d\u00e9j\u00e0 oeuvr\u00e9 depuis pr\u00e8s d\u2019un si\u00e8cle au sein de la communaut\u00e9 genevoise. Revenons donc un peu en arri\u00e8re pour retracer la formidable \u00e9pop\u00e9e de cet ensemble.<\/p>\n<p>C\u2019est en 1903 que notre fanfare vit le jour sous le nom de la \u00ab Printani\u00e8re\u00a0\u00bb. Le d\u00e9c\u00e8s de M.\u00a0Ferdinand Latty, le fondateur et directeur laissa la Fanfare d\u00e9sempar\u00e9e. Mais, avec son nouveau directeur, M. Charles Giddey, l\u2019ensemble repartit d\u2019un nouveau pas et prit le nom de la Fanfare de Genthod- Bellevue en 1927.<\/p>\n<p>&nbsp;<\/p>\n<p>&nbsp;<\/p>\n<p>Elle a organis\u00e9, en juillet 1938, une F\u00eate des Musiques au Creux-de-Genthod et en novembre de la m\u00eame ann\u00e9e, inaugur\u00e9 son premier drapeau officiel.<\/p>\n<p>En 1930, elle a \u00e9t\u00e9 charg\u00e9e d\u2019organiser la 22<sup>\u00e8me<\/sup> F\u00eate de la F\u00e9d\u00e9ration des Musiques de campagne \u00e0 Genthod, dans la Campagne Fatio. La Fanfare a v\u00e9cu ensuite quelques ann\u00e9es p\u00e9nibles\u00a0: crise \u00e9conomique et guerre. A la fin de celle-ci, ce fut une nouvelle reprise sous la direction de Monsieur Andr\u00e9 Henn\u00e9. Mais h\u00e9las pour notre musique, le directeur a \u00e9t\u00e9 appel\u00e9 \u00e0 la t\u00eate de la Musique de la Police en 1959 et le comit\u00e9 se vit contraint de dissoudre notre soci\u00e9t\u00e9.<\/p>\n<p>En 1973, sous l\u2019impulsion de M. Marcel Neyroud, Maire de Bellevue, la Fanfare a repris vie. Un \u00e9lan magnifique, puisqu\u2019en 1977 notre Soci\u00e9t\u00e9 a organis\u00e9 la 61<sup>\u00e8me<\/sup> F\u00eate de la F\u00e9d\u00e9ration des Musiques de campagne, \u00e0 Genthod, dans la campagne Lullin. Elle a laiss\u00e9 \u00e0 toutes les personnes qui ont \u0153uvr\u00e9 \u00e0 cette manifestation un souvenir inoubliable. Puis en 1978, nouvelle f\u00eate pour son 75\u00e8me anniversaire;\u00a0 en 1990, une grande f\u00eate pour l\u2019inauguration des uniformes et enfin, un 90<sup>\u00e8me<\/sup> anniversaire des plus m\u00e9morables puisque la nouvelle banni\u00e8re de notre ensemble fut inaugur\u00e9e \u00e0 cette occasion.<\/p>\n<p><a href=\"http:\/\/www.hemgb.com\/wp-content\/uploads\/2012\/04\/drapeau-ancien.jpg\"><img loading=\"lazy\" decoding=\"async\" class=\"alignright size-medium wp-image-160\" title=\"drapeau-ancien\" alt=\"\" src=\"http:\/\/www.hemgb.com\/wp-content\/uploads\/2012\/04\/drapeau-ancien-300x282.jpg\" width=\"300\" height=\"282\" srcset=\"https:\/\/www.hemgb.com\/wp-content\/uploads\/2012\/04\/drapeau-ancien-300x282.jpg 300w, https:\/\/www.hemgb.com\/wp-content\/uploads\/2012\/04\/drapeau-ancien-318x300.jpg 318w, https:\/\/www.hemgb.com\/wp-content\/uploads\/2012\/04\/drapeau-ancien.jpg 500w\" sizes=\"auto, (max-width: 300px) 100vw, 300px\" \/><\/a><\/p>\n<p>Depuis la reprise de nos activit\u00e9s, la Fanfare a pens\u00e9 \u00e0 la rel\u00e8ve de ses musiciens et a cr\u00e9\u00e9 parall\u00e8lement une Ecole de Musique, qui a remport\u00e9 un grand succ\u00e8s puisqu\u2019une dizaine de nos membres en sont issus. En 1990, l\u2019Ecole de Musique est devenue, gr\u00e2ce \u00e0 l\u2019appui de nos municipalit\u00e9s, totalement ind\u00e9pendante de la Fanfare et elle offre actuellement des cours \u00e0 plus de 120 \u00e9l\u00e8ves. L\u2019an 2000 a permis de f\u00eater les 10 ans de vie de l\u2019Ecole sous sa forme actuelle. De plus, nous avons pu nous r\u00e9jouir de la cr\u00e9ation d\u2019un orchestre junior au sein de l\u2019Ecole qui nous a tous \u00e9blouis lors de la prestation effectu\u00e9e pour son 10<sup>\u00e8me<\/sup> anniversaire.<\/p>\n<p>L\u2019ann\u00e9e 2003 a permis \u00e0 la Fanfare de f\u00eater son 100<sup>\u00e8me<\/sup> anniversaire. Cet \u00e9v\u00e9nement m\u00e9morable \u00e0 permis non seulement de relier les liens avec les anciens membres mais \u00e9galement de changer le nom de \u00ab\u00a0Fanfare\u00a0\u00bb \u00e0 \u00ab\u00a0Harmonie\u00a0\u00bb. En effet, le nom \u00ab\u00a0Fanfare\u00a0\u00bb n\u2019ayant pas une connotation des plus modernes, le comit\u00e9 a donc d\u00e9cid\u00e9 de redonner un souffle de jeunesse \u00e0 notre ensemble par ce changement.<\/p>\n<p>Depuis 2003, l\u2019Harmonie n\u2019a cess\u00e9 de progresser dans son r\u00e9pertoire mais \u00e9galement dans la qualit\u00e9 musicale de ces prestations. Bien que nous soyons un petit ensemble d\u2019environ 25 musiciens, c\u2019est avant tout la bonne humeur et l\u2019envie de se faire plaisir qui est communiqu\u00e9e au public lors de chacune de nos prestations. Gr\u00e2ce \u00e0 l\u2019apport des musiciens de l\u2019\u00e9cole de musique, la moyenne d\u2019\u00e2ge de notre ensemble se situe autour des 40 ans avec une majorit\u00e9 de jeunes recrues. L\u2019ensemble est assez bien \u00e9quilibr\u00e9 avec des flutes traversi\u00e8res, clarinette, des saxos, des trompettes, des trombones, des barytons, des basses et bien s\u00fbr des percussionnistes.<\/p>\n<p>L\u2019orchestre junior est aujourd\u2019hui fort d\u2019une dizaine de musiciens. Nous avons des flutes traversi\u00e8res, des clarinettes, des trompettes, une guitare basse, un piano et bien entendus des percussionnistes. Les jeunes ont entre 14 et 17 ans.<\/p>\n<p>Bien que g\u00e9r\u00e9 s\u00e9par\u00e9ment, l\u2019Orchestre Junior et l\u2019Harmonie sont tr\u00e8s proche et nous essayons de faire un maximum de prestation ensemble afin que les jeunes puisse voir ce que font les plus exp\u00e9riment\u00e9s mais surtout cela permets au plus anciens de se redonner un coup de jeune et continuer de garder le cap.<\/p>\n<p>Dans la musique, ce qui compte c\u2019est l\u2019endurance car l\u2019apprentissage est souvent long et fastidieux. Ceci est d\u2019autant plus vrai quand on doit faire \u00e9voluer un groupe de musicien non professionnel et de niveaux diff\u00e9rents. Alors je pense qu\u2019il faut tirer un grand chapeau \u00e0 notre cher directeur M. Tournebize qui, avec plus de 15 ans de musique avec nous, continue \u00e0 trouver les id\u00e9es et l\u2019\u00e9nergie pour nous pousser \u00e0 nous surpasser d\u2019ann\u00e9e en ann\u00e9e.<\/p>\n<p>Nous sommes toujours \u00e0 la recherche de nouveaux musiciens pour \u00e9toffer nos rangs, alors il suffit d\u2019essayer pour l\u2019adopter comme diront certains.<\/p>\n<p>&nbsp;<\/p>\n<p>&nbsp;<\/p>\n","protected":false},"excerpt":{"rendered":"<p>La Fanfare de Genthod-Bellevue a d\u00e9j\u00e0 oeuvr\u00e9 depuis pr\u00e8s d\u2019un si\u00e8cle au sein de la communaut\u00e9 genevoise. Revenons donc un peu en arri\u00e8re pour retracer la formidable \u00e9pop\u00e9e de cet ensemble. C\u2019est en 1903 que notre fanfare vit le jour &hellip; <a href=\"https:\/\/www.hemgb.com\/?page_id=33\">Continuer la lecture <span class=\"meta-nav\">&rarr;<\/span><\/a><\/p>\n","protected":false},"author":1,"featured_media":0,"parent":0,"menu_order":0,"comment_status":"closed","ping_status":"closed","template":"","meta":{"footnotes":""},"class_list":["post-33","page","type-page","status-publish","hentry"],"_links":{"self":[{"href":"https:\/\/www.hemgb.com\/index.php?rest_route=\/wp\/v2\/pages\/33","targetHints":{"allow":["GET"]}}],"collection":[{"href":"https:\/\/www.hemgb.com\/index.php?rest_route=\/wp\/v2\/pages"}],"about":[{"href":"https:\/\/www.hemgb.com\/index.php?rest_route=\/wp\/v2\/types\/page"}],"author":[{"embeddable":true,"href":"https:\/\/www.hemgb.com\/index.php?rest_route=\/wp\/v2\/users\/1"}],"replies":[{"embeddable":true,"href":"https:\/\/www.hemgb.com\/index.php?rest_route=%2Fwp%2Fv2%2Fcomments&post=33"}],"version-history":[{"count":11,"href":"https:\/\/www.hemgb.com\/index.php?rest_route=\/wp\/v2\/pages\/33\/revisions"}],"predecessor-version":[{"id":476,"href":"https:\/\/www.hemgb.com\/index.php?rest_route=\/wp\/v2\/pages\/33\/revisions\/476"}],"wp:attachment":[{"href":"https:\/\/www.hemgb.com\/index.php?rest_route=%2Fwp%2Fv2%2Fmedia&parent=33"}],"curies":[{"name":"wp","href":"https:\/\/api.w.org\/{rel}","templated":true}]}}