{"id":4,"date":"2012-04-20T08:04:54","date_gmt":"2012-04-20T08:04:54","guid":{"rendered":"http:\/\/www.hemgb.com\/?page_id=4"},"modified":"2024-12-30T23:31:00","modified_gmt":"2024-12-30T23:31:00","slug":"harmonie","status":"publish","type":"page","link":"https:\/\/www.hemgb.com\/","title":{"rendered":"Harmonie"},"content":{"rendered":"<p style=\"text-align: justify;\"><span style=\"font-family: sans-serif;\"><a href=\"http:\/\/www.hemgb.com\/wp-content\/uploads\/2012\/04\/drapeau-nouveau.jpg\"><img loading=\"lazy\" decoding=\"async\" class=\"alignleft size-medium wp-image-157\" title=\"drapeau-nouveau\" src=\"http:\/\/www.hemgb.com\/wp-content\/uploads\/2012\/04\/drapeau-nouveau-282x300.jpg\" alt=\"\" width=\"282\" height=\"300\" srcset=\"https:\/\/www.hemgb.com\/wp-content\/uploads\/2012\/04\/drapeau-nouveau-282x300.jpg 282w, https:\/\/www.hemgb.com\/wp-content\/uploads\/2012\/04\/drapeau-nouveau.jpg 500w\" sizes=\"auto, (max-width: 282px) 100vw, 282px\" \/><\/a>L&rsquo;Harmonie de Genthod-Bellevue est un groupe de musique d&rsquo;une vingtaine de personnes qui a pour seul et unique but de s&rsquo;amuser en faisant de la musique. L&rsquo;harmonie se compose de musiciens qui font partie des trois grandes familles d&rsquo;instruments \u00e0 savoir les bois (fl\u00fbtes, clarinettes, saxophones), les cuivres (trompette, trombones, euphoniums, basses) ainsi que les percussions (batterie, timbales, vibraphone, triangle,&#8230; ). Nous avons en g\u00e9n\u00e9ral une dizaine de repr\u00e9sentations par ann\u00e9e qui animent les diff\u00e9rentes manifestations des communes qui nous subventionnent \u00e0 savoir : Genthod, Bellevue, Collex Bossy et Chamb\u00e9sy.<\/span><\/p>\n<p><span style=\"font-family: sans-serif;\">Les pr\u00e9requis pour int\u00e9grer notre groupe sont d&rsquo;\u00eatre au b\u00e9n\u00e9fice d&rsquo;une bonne dose d&rsquo;humour, d&rsquo;un brin de technique d&rsquo;instrument mais surtout d&rsquo;une montagne de bonne humeur et d&rsquo;envie de partager de bons moments de convivialit\u00e9s.\u00a0<\/span><\/p>\n<blockquote><p><span style=\"font-family: sans-serif;\">Note : English or whatever language is not a problem.\u00a0<\/span><\/p><\/blockquote>\n<p><span style=\"font-family: sans-serif;\">N&rsquo;h\u00e9sitez donc pas \u00e0 contacter notre pr\u00e9sident afin d&rsquo;obtenir plus de renseignements. Nous sommes d&rsquo;ores et d\u00e9j\u00e0 heureux que vous ayez pris le temps de nous d\u00e9couvrir sur internet et esp\u00e9rons que vous ferez le pas de venir nous \u00e9couter lors d&rsquo;un prochain concert ou r\u00e9p\u00e9tition.\u00a0<\/span><\/p>\n<p><span style=\"font-family: sans-serif;\">Harmonieusement v\u00f4tre.<\/span><\/p>\n","protected":false},"excerpt":{"rendered":"<p>L&rsquo;Harmonie de Genthod-Bellevue est un groupe de musique d&rsquo;une vingtaine de personnes qui a pour seul et unique but de s&rsquo;amuser en faisant de la musique. L&rsquo;harmonie se compose de musiciens qui font partie des trois grandes familles d&rsquo;instruments \u00e0 &hellip; <a href=\"https:\/\/www.hemgb.com\/\">Continuer la lecture <span class=\"meta-nav\">&rarr;<\/span><\/a><\/p>\n","protected":false},"author":1,"featured_media":0,"parent":0,"menu_order":0,"comment_status":"closed","ping_status":"open","template":"","meta":{"footnotes":""},"class_list":["post-4","page","type-page","status-publish","hentry"],"_links":{"self":[{"href":"https:\/\/www.hemgb.com\/index.php?rest_route=\/wp\/v2\/pages\/4","targetHints":{"allow":["GET"]}}],"collection":[{"href":"https:\/\/www.hemgb.com\/index.php?rest_route=\/wp\/v2\/pages"}],"about":[{"href":"https:\/\/www.hemgb.com\/index.php?rest_route=\/wp\/v2\/types\/page"}],"author":[{"embeddable":true,"href":"https:\/\/www.hemgb.com\/index.php?rest_route=\/wp\/v2\/users\/1"}],"replies":[{"embeddable":true,"href":"https:\/\/www.hemgb.com\/index.php?rest_route=%2Fwp%2Fv2%2Fcomments&post=4"}],"version-history":[{"count":12,"href":"https:\/\/www.hemgb.com\/index.php?rest_route=\/wp\/v2\/pages\/4\/revisions"}],"predecessor-version":[{"id":1987,"href":"https:\/\/www.hemgb.com\/index.php?rest_route=\/wp\/v2\/pages\/4\/revisions\/1987"}],"wp:attachment":[{"href":"https:\/\/www.hemgb.com\/index.php?rest_route=%2Fwp%2Fv2%2Fmedia&parent=4"}],"curies":[{"name":"wp","href":"https:\/\/api.w.org\/{rel}","templated":true}]}}