{"id":88,"date":"2012-04-23T06:39:45","date_gmt":"2012-04-23T06:39:45","guid":{"rendered":"http:\/\/www.hemgb.com\/?page_id=88"},"modified":"2022-01-23T18:33:09","modified_gmt":"2022-01-23T18:33:09","slug":"ecole-de-musique","status":"publish","type":"page","link":"https:\/\/www.hemgb.com\/?page_id=88","title":{"rendered":"\u00c9cole de musique"},"content":{"rendered":"<p style=\"text-align: justify;\">L&rsquo;\u00e9cole de musique ne propose pas d&rsquo;espace s\u00e9curis\u00e9 pour les photographies de ses activit\u00e9s.<\/p>\n","protected":false},"excerpt":{"rendered":"<p>L&rsquo;\u00e9cole de musique ne propose pas d&rsquo;espace s\u00e9curis\u00e9 pour les photographies de ses activit\u00e9s.<\/p>\n","protected":false},"author":1,"featured_media":0,"parent":8,"menu_order":0,"comment_status":"closed","ping_status":"closed","template":"","meta":{"footnotes":""},"class_list":["post-88","page","type-page","status-publish","hentry"],"_links":{"self":[{"href":"https:\/\/www.hemgb.com\/index.php?rest_route=\/wp\/v2\/pages\/88","targetHints":{"allow":["GET"]}}],"collection":[{"href":"https:\/\/www.hemgb.com\/index.php?rest_route=\/wp\/v2\/pages"}],"about":[{"href":"https:\/\/www.hemgb.com\/index.php?rest_route=\/wp\/v2\/types\/page"}],"author":[{"embeddable":true,"href":"https:\/\/www.hemgb.com\/index.php?rest_route=\/wp\/v2\/users\/1"}],"replies":[{"embeddable":true,"href":"https:\/\/www.hemgb.com\/index.php?rest_route=%2Fwp%2Fv2%2Fcomments&post=88"}],"version-history":[{"count":2,"href":"https:\/\/www.hemgb.com\/index.php?rest_route=\/wp\/v2\/pages\/88\/revisions"}],"predecessor-version":[{"id":1435,"href":"https:\/\/www.hemgb.com\/index.php?rest_route=\/wp\/v2\/pages\/88\/revisions\/1435"}],"up":[{"embeddable":true,"href":"https:\/\/www.hemgb.com\/index.php?rest_route=\/wp\/v2\/pages\/8"}],"wp:attachment":[{"href":"https:\/\/www.hemgb.com\/index.php?rest_route=%2Fwp%2Fv2%2Fmedia&parent=88"}],"curies":[{"name":"wp","href":"https:\/\/api.w.org\/{rel}","templated":true}]}}